{"id":14315,"date":"2021-07-05T15:23:35","date_gmt":"2021-07-05T20:23:35","guid":{"rendered":"https:\/\/minoxidilhb.co\/?page_id=14315"},"modified":"2024-02-25T18:31:26","modified_gmt":"2024-02-25T23:31:26","slug":"politica-de-envio","status":"publish","type":"page","link":"https:\/\/minoxidilhb.com\/en\/politica-de-envio\/","title":{"rendered":"Shipping Policy"},"content":{"rendered":"<p>Shipping policy<\/p><p>Thank you for choosing us for your purchases. We want you to have a satisfactory experience at every step, including the shipping process. Below we outline our policies to provide you with clarity and transparency:<\/p><p>Domestic Shipping (United States):<\/p><p>Shipping within the United States usually takes 5-10 business days.<br>We use USPS (United States Postal Service) for all domestic shipments.<br>Once your order is processed and payment is made, you will receive a tracking number within 48 business hours.<br>International delivery:<\/p><p>For international shipments, delivery time varies between 2 to 4 weeks.<br>We also provide a tracking number for all international shipments.<br>Like domestic shipping, we use USPS for international shipping.<br>It is important to note that international shipments may be subject to customs controls and local taxes. We are not responsible for any customs duties applicable in your destination country.<br>You should also find out if you do not need medical formula or there are restrictions in your country for the entry of this type of products.<br>Additional Information:<\/p><p>Please note that delivery times are estimates and may be affected by circumstances beyond our control, such as extreme weather conditions or customs delays.<br>We recommend tracking your package using the tracking number provided to stay informed about the status of your shipment at all times.<br>These shipping policies are subject to change without prior notice, but any modification will be communicated promptly through our communication channels.<\/p><p>If you have any further questions about our shipping policies, please feel free to contact our customer service team. We are here to help.<\/p><p>Thanks for trusting us!<\/p>","protected":false},"excerpt":{"rendered":"<p>Politica de envios Gracias por elegirnos para sus compras. Queremos que tengas una experiencia satisfactoria en cada paso, incluido el proceso de env\u00edo. A continuaci\u00f3n, describimos nuestras pol\u00edticas para brindarle claridad y transparencia: Env\u00edo nacional (Estados Unidos): [&hellip;]<\/p>","protected":false},"author":7,"featured_media":0,"parent":0,"menu_order":0,"comment_status":"closed","ping_status":"closed","template":"","meta":{"om_disable_all_campaigns":false,"_joinchat":[],"footnotes":""},"class_list":["post-14315","page","type-page","status-publish","hentry"],"aioseo_notices":[],"_links":{"self":[{"href":"https:\/\/minoxidilhb.com\/en\/wp-json\/wp\/v2\/pages\/14315"}],"collection":[{"href":"https:\/\/minoxidilhb.com\/en\/wp-json\/wp\/v2\/pages"}],"about":[{"href":"https:\/\/minoxidilhb.com\/en\/wp-json\/wp\/v2\/types\/page"}],"author":[{"embeddable":true,"href":"https:\/\/minoxidilhb.com\/en\/wp-json\/wp\/v2\/users\/7"}],"replies":[{"embeddable":true,"href":"https:\/\/minoxidilhb.com\/en\/wp-json\/wp\/v2\/comments?post=14315"}],"version-history":[{"count":4,"href":"https:\/\/minoxidilhb.com\/en\/wp-json\/wp\/v2\/pages\/14315\/revisions"}],"predecessor-version":[{"id":14832,"href":"https:\/\/minoxidilhb.com\/en\/wp-json\/wp\/v2\/pages\/14315\/revisions\/14832"}],"wp:attachment":[{"href":"https:\/\/minoxidilhb.com\/en\/wp-json\/wp\/v2\/media?parent=14315"}],"curies":[{"name":"wp","href":"https:\/\/api.w.org\/{rel}","templated":true}]}}